{"id":51,"date":"2019-03-04T17:19:49","date_gmt":"2019-03-04T16:19:49","guid":{"rendered":"http:\/\/prawoibank.pl\/?page_id=51"},"modified":"2025-09-03T14:02:22","modified_gmt":"2025-09-03T12:02:22","slug":"o-nas","status":"publish","type":"page","link":"https:\/\/prawoibank.pl\/index.php\/o-nas\/","title":{"rendered":"O NAS"},"content":{"rendered":"\n<h3 class=\"wp-block-heading\">Piotr Tylewicz &#8211; radca prawny<font color=\"#191e23\"><span style=\"background-color: rgb(232, 234, 235);\"><\/span><\/font><\/h3>\n\n\n\n<p>Absolwent Wydzia\u0142u Prawa na Uniwersytecie w Bia\u0142ymstoku. Od 2010 r. cz\u0142onek przy Okr\u0119gowej Izbie Radc\u00f3w Prawnych w Bia\u0142ymstoku. Wiedz\u0119 prawnicz\u0105 i do\u015bwiadczenie naby\u0142 pracuj\u0105c w renomowanych kancelariach prawniczych jak r\u00f3wnie\u017c b\u0119d\u0105c asystentem s\u0119dziego w wydziale gospodarczym S\u0105du Okr\u0119gowego w Bia\u0142ymstoku.<\/p>\n\n\n\n<p>\u015awiadczy kompleksow\u0105 obs\u0142ug\u0119 prawn\u0105 na rzecz przedsi\u0119biorc\u00f3w w zakresie szeroko rozumianego prawa gospodarczego, prawa restrukturyzacyjnego i upad\u0142o\u015bciowego oraz handlowego. Specjalizuje si\u0119 tak\u017ce w obszarach tematycznych zwi\u0105zanych z prawem bankowym. W 2022 roku uko\u0144czy\u0142 studia podyplomowe Bankowo\u015b\u0107 i Finanse dla prawnik\u00f3w w Szkole G\u0142\u00f3wnej Handlowej.<\/p>\n\n\n\n<p>Pasjonat historii \u015bredniowiecza oraz pi\u0142ki no\u017cnej.<\/p>\n\n\n\n<h3 class=\"wp-block-heading\">Sebastian Wizner &#8211; radca prawny<\/h3>\n\n\n\n<p>Absolwent Wydzia\u0142u Prawa na Uniwersytecie w Bia\u0142ymstoku. Od 2013 r. cz\u0142onek przy Okr\u0119gowej Izbie Radc\u00f3w Prawnych w Bia\u0142ymstoku. Specjalizuje si\u0119 w prawie sp\u00f3\u0142ek handlowych oraz we wszelkich prawnych aspektach biznesu z obszaru nowych technologii. Od 2007 zwi\u0105zany z obs\u0142uga prawn\u0105 \u015brednich jak i du\u017cych przedsi\u0119biorstw. Przez 10 lat pe\u0142ni\u0142 funkcj\u0119 Przewodnicz\u0105cego Rady Nadzorczej w Sp\u00f3\u0142ce Akcyjnej, wi\u0119c posiada bogate, praktyczne do\u015bwiadczenie  w stosowaniu przepis\u00f3w KSH.<\/p>\n\n\n\n<p>W trakcie zdobywania uprawnie\u0144 zawodowych do\u015bwiadczenie nabywa\u0142 w najbardziej renomowanych kancelariach w Bia\u0142ymstoku. Umiej\u0119tnie \u0142\u0105czy przepisy prawa z praktycznym podej\u015bciem biznesowym co pozwala na dobr\u0105 komunikacj\u0119 z klientem oraz budowanie wydajnych i optymalnych konstrukcji ka\u017cdej transakcji.<\/p>\n\n\n\n<p>Prywatnie wielbiciel sport\u00f3w zimowych a tak\u017ce ta\u0144ca towarzyskiego.<\/p>\n\n\n\n<h3 class=\"wp-block-heading\">Kinga Jeremicz &#8211; radca prawny<\/h3>\n\n\n\n<p>Cz\u0142onek Okr\u0119gowej Izby Radc\u00f3w Prawnych w Bia\u0142ymstoku oraz absolwentka studi\u00f3w prawniczych na Uniwersytecie w Bia\u0142ymstoku. Praktyczne do\u015bwiadczenie zdobywa\u0142a wspieraj\u0105c przedsi\u0119biorc\u00f3w z r\u00f3\u017cnych sektor\u00f3w, a tak\u017ce udzielaj\u0105c pomocy prawnej osobom fizycznym. Specjalizuje si\u0119 w prawie cywilnym, mi\u0119dzy innymi w sprawach odszkodowawczych oraz prawie gospodarczym, w tym dochodzeniu roszcze\u0144, r\u00f3wnie\u017c roszcze\u0144 wekslowych, a tak\u017ce w sprawach z zakresu prawa bankowego oraz upad\u0142o\u015bci i restrukturyzacji. W swojej pracy koncentruje si\u0119 na dostarczaniu przejrzystych i praktycznych rozwi\u0105za\u0144, kt\u00f3re u\u0142atwiaj\u0105 klientom podejmowanie wa\u017cnych decyzji biznesowych. \u0141\u0105cz\u0105c dog\u0142\u0119bn\u0105 znajomo\u015b\u0107 przepis\u00f3w z praktycznym zrozumieniem potrzeb klient\u00f3w, zapewnia efektywn\u0105 i profesjonaln\u0105 obs\u0142ug\u0119 prawn\u0105.<\/p>\n\n\n\n<h3 class=\"wp-block-heading\">Weronika W\u0119grzyniak \u2013 radca prawny<\/h3>\n\n\n\n<p>Absolwentka Wydzia\u0142u Prawa na Uniwersytecie w Bia\u0142ymstoku. Od 2025 r. radca prawny wpisany na list\u0119 Okr\u0119gowej Izby Radc\u00f3w Prawnych w Bia\u0142ymstoku. Wiedz\u0119 i do\u015bwiadczenie zdobywa\u0142a praktykuj\u0105c w uznanych kancelariach prawnych. Specjalizuje si\u0119 w sprawach z zakresu prawa cywilnego, prawa gospodarczego oraz prawa bankowego, w szczeg\u00f3lno\u015bci w sporach dotycz\u0105cych problematyki kredyt\u00f3w indeksowanych i denominowanych do franka szwajcarskiego. Interesuje si\u0119 psychologi\u0105 i fotografi\u0105.<\/p>\n","protected":false},"excerpt":{"rendered":"<p>Piotr Tylewicz &#8211; radca prawny Absolwent Wydzia\u0142u Prawa na Uniwersytecie w Bia\u0142ymstoku. Od 2010 r. cz\u0142onek przy Okr\u0119gowej Izbie Radc\u00f3w Prawnych w Bia\u0142ymstoku. Wiedz\u0119 prawnicz\u0105 i do\u015bwiadczenie naby\u0142 pracuj\u0105c w renomowanych kancelariach prawniczych jak r\u00f3wnie\u017c b\u0119d\u0105c asystentem s\u0119dziego w wydziale gospodarczym S\u0105du Okr\u0119gowego w Bia\u0142ymstoku. \u015awiadczy kompleksow\u0105 obs\u0142ug\u0119 prawn\u0105 na rzecz przedsi\u0119biorc\u00f3w w zakresie szeroko [&hellip;]<\/p>\n","protected":false},"author":1,"featured_media":0,"parent":0,"menu_order":0,"comment_status":"closed","ping_status":"closed","template":"","meta":{"_exactmetrics_skip_tracking":false,"_exactmetrics_sitenote_active":false,"_exactmetrics_sitenote_note":"","_exactmetrics_sitenote_category":0,"footnotes":""},"class_list":["post-51","page","type-page","status-publish","hentry"],"_links":{"self":[{"href":"https:\/\/prawoibank.pl\/index.php\/wp-json\/wp\/v2\/pages\/51","targetHints":{"allow":["GET"]}}],"collection":[{"href":"https:\/\/prawoibank.pl\/index.php\/wp-json\/wp\/v2\/pages"}],"about":[{"href":"https:\/\/prawoibank.pl\/index.php\/wp-json\/wp\/v2\/types\/page"}],"author":[{"embeddable":true,"href":"https:\/\/prawoibank.pl\/index.php\/wp-json\/wp\/v2\/users\/1"}],"replies":[{"embeddable":true,"href":"https:\/\/prawoibank.pl\/index.php\/wp-json\/wp\/v2\/comments?post=51"}],"version-history":[{"count":8,"href":"https:\/\/prawoibank.pl\/index.php\/wp-json\/wp\/v2\/pages\/51\/revisions"}],"predecessor-version":[{"id":348,"href":"https:\/\/prawoibank.pl\/index.php\/wp-json\/wp\/v2\/pages\/51\/revisions\/348"}],"wp:attachment":[{"href":"https:\/\/prawoibank.pl\/index.php\/wp-json\/wp\/v2\/media?parent=51"}],"curies":[{"name":"wp","href":"https:\/\/api.w.org\/{rel}","templated":true}]}}